{"id":5962,"date":"2026-03-01T17:55:37","date_gmt":"2026-03-01T16:55:37","guid":{"rendered":"https:\/\/www.brokerwahl.de\/?page_id=5962"},"modified":"2026-03-01T18:03:35","modified_gmt":"2026-03-01T17:03:35","slug":"buch-der-einfache-weg-zur-erfolgreichen-kapitalanlage","status":"publish","type":"page","link":"https:\/\/www.brokerwahl.de\/en\/wins-broker-selection\/buch-der-einfache-weg-zur-erfolgreichen-kapitalanlage\/","title":{"rendered":"Buch: Der einfache Weg zur erfolgreichen Kapitalanlage"},"content":{"rendered":"<h1>Der einfache Weg zur erfolgreichen Kapitalanlage<\/h1>\n\t<p>Unter allen Teilnehmern des Bonusgewinnspiels wird ein handsigniertes Buchexemplar &#8222;<em>Der einfache Weg zur erfolgreichen Kapitalanlage<\/em>&#8220; verlost.<\/p>\n<p>Vielen Berufst\u00e4tigen fehlt es h\u00e4ufig an Zeit, Finanzwissen und einem langfristigem Plan, um ihre Ersparnisse gewinnbringend anzulegen.<\/p>\n<p>David Ernsting, Finanzexperte mit \u00fcber 30 Jahren Erfahrung an den Kapitalm\u00e4rkten und Herausgeber von Brokerwahl.de und Broker-test.de, hat mit \u201eDer einfache Weg zur erfolgreichen Kapitalanlage: Wie Sie mit einer individuellen Investmentstrategie Ihre Rendite erh\u00f6hen, Kosten sparen und Verm\u00f6gen aufbauen&#8220; einen praxisorientierten Leitfaden geschaffen, der genau diese L\u00fccke schlie\u00dft.<\/p>\n<p>Das Buch erscheint zu einem Zeitpunkt, an dem die Notwendigkeit privater Altersvorsorge immer dr\u00e4ngender wird und traditionelle Sparformen durch Inflation faktisch an Wert verlieren.<\/p>\n<p><a href=\"https:\/\/broker-test.de\/trading-news\/buchtipp-der-einfache-weg-zur-erfolgreichen-kapitalanlage-von-david-ernsting-ein-strukturierter-einstieg-in-die-geldanlage-fuer-menschen-mit-wenig-zeit\/\" target=\"_blank\" rel=\"noopener\">Mehr Infos zum Finanzbuch &#8222;Der einfache Weg zur erfolgreichen Kapitalanlage&#8220;<\/a><\/p>\n<figure itemscope itemtype=\"https:\/\/schema.org\/ImageObject\">\n\t\t\t\t<a href=\"https:\/\/broker-test.de\/trading-news\/buchtipp-der-einfache-weg-zur-erfolgreichen-kapitalanlage-von-david-ernsting-ein-strukturierter-einstieg-in-die-geldanlage-fuer-menschen-mit-wenig-zeit\/\" target=\"_blank\" rel=\"noopener nofollow\" itemprop=\"url\">\n\t\t\t\t<img decoding=\"async\" src=\"https:\/\/www.brokerwahl.de\/wp-content\/uploads\/2026\/03\/Finales-Buchcover-ANS_9783959722438_2D-hohe-Aufloesung.jpg\" alt=\"Der einfache Weg zur erfolgreichen Kapitalanlage\" height=\"2480\" width=\"1748\" title=\"Der einfache Weg zur erfolgreichen Kapitalanlage\" onerror=\"this.style.display='none'\" loading=\"lazy\" \/>\n\t\t\t\t<\/a>\n\t<\/figure>","protected":false},"excerpt":{"rendered":"<p>Der einfache Weg zur erfolgreichen Kapitalanlage Unter allen Teilnehmern des Bonusgewinnspiels wird ein handsigniertes Buchexemplar &#8222;Der einfache Weg zur erfolgreichen Kapitalanlage&#8220; verlost. Vielen Berufst\u00e4tigen fehlt es h\u00e4ufig an Zeit, Finanzwissen und einem langfristigem Plan, um ihre Ersparnisse gewinnbringend anzulegen. David Ernsting, Finanzexperte mit \u00fcber 30 Jahren Erfahrung an den Kapitalm\u00e4rkten und Herausgeber von Brokerwahl.de und [&hellip;]<\/p>\n","protected":false},"author":1,"featured_media":0,"parent":3461,"menu_order":0,"comment_status":"closed","ping_status":"closed","template":"","meta":{"_analytify_skip_tracking":false,"footnotes":""},"class_list":["post-5962","page","type-page","status-publish","hentry","wpbf-post"],"_links":{"self":[{"href":"https:\/\/www.brokerwahl.de\/en\/wp-json\/wp\/v2\/pages\/5962","targetHints":{"allow":["GET"]}}],"collection":[{"href":"https:\/\/www.brokerwahl.de\/en\/wp-json\/wp\/v2\/pages"}],"about":[{"href":"https:\/\/www.brokerwahl.de\/en\/wp-json\/wp\/v2\/types\/page"}],"author":[{"embeddable":true,"href":"https:\/\/www.brokerwahl.de\/en\/wp-json\/wp\/v2\/users\/1"}],"replies":[{"embeddable":true,"href":"https:\/\/www.brokerwahl.de\/en\/wp-json\/wp\/v2\/comments?post=5962"}],"version-history":[{"count":4,"href":"https:\/\/www.brokerwahl.de\/en\/wp-json\/wp\/v2\/pages\/5962\/revisions"}],"predecessor-version":[{"id":5968,"href":"https:\/\/www.brokerwahl.de\/en\/wp-json\/wp\/v2\/pages\/5962\/revisions\/5968"}],"up":[{"embeddable":true,"href":"https:\/\/www.brokerwahl.de\/en\/wp-json\/wp\/v2\/pages\/3461"}],"wp:attachment":[{"href":"https:\/\/www.brokerwahl.de\/en\/wp-json\/wp\/v2\/media?parent=5962"}],"curies":[{"name":"wp","href":"https:\/\/api.w.org\/{rel}","templated":true}]}}