{"id":5956,"date":"2026-03-01T17:42:35","date_gmt":"2026-03-01T16:42:35","guid":{"rendered":"https:\/\/www.brokerwahl.de\/?page_id=5956"},"modified":"2026-03-01T17:45:39","modified_gmt":"2026-03-01T16:45:39","slug":"kapitalanlagen-test","status":"publish","type":"page","link":"https:\/\/www.brokerwahl.de\/en\/partner\/kapitalanlagen-test\/","title":{"rendered":"Kapitalanlagen-Test.de"},"content":{"rendered":"<h1>\n\t\t\tKapitalanlagen-Test.de\t<\/h1>\n<figure itemscope itemtype=\"https:\/\/schema.org\/ImageObject\">\n\t\t\t\t<a href=\"https:\/\/www.insider-alarm.de\" target=\"_blank\" rel=\"noopener\" itemprop=\"url\">\n\t\t\t\t<img decoding=\"async\" src=\"https:\/\/www.brokerwahl.de\/wp-content\/uploads\/2020\/12\/Logo_Kapitalanlagen-Test.de_Logo_web_2025-HG-768x192-1-300x75.png\" alt=\"Logo Kapitalanlagen Test.de Logo Web 2025 HG 768x192\" height=\"75\" width=\"300\" title=\"Logo Kapitalanlagen Test.de Logo Web 2025 HG 768x192\" onerror=\"this.style.display='none'\" loading=\"lazy\" \/>\n\t\t\t\t<\/a>\n\t<\/figure>\n\t<p><a href=\"https:\/\/www.Kapitalanlagen-Test.de\" target=\"_blank\" rel=\"noopener\">Kapitalanlagen-Test.de<\/a> ist die zentrale Anlaufstelle f\u00fcr aktuelle Marktanalysen, Investmentstrategien, Anlagem\u00f6glichkeiten und Portfoliooptimierungen mit regelm\u00e4\u00dfigen Analysen zum Kapitalmarkt und spannenden B\u00f6rsenthemen, Aktientipps und ausgew\u00e4hlten ETFs.<\/p>","protected":false},"excerpt":{"rendered":"<p>Kapitalanlagen-Test.de Kapitalanlagen-Test.de ist die zentrale Anlaufstelle f\u00fcr aktuelle Marktanalysen, Investmentstrategien, Anlagem\u00f6glichkeiten und Portfoliooptimierungen mit regelm\u00e4\u00dfigen Analysen zum Kapitalmarkt und spannenden B\u00f6rsenthemen, Aktientipps und ausgew\u00e4hlten ETFs.<\/p>","protected":false},"author":1,"featured_media":0,"parent":2312,"menu_order":3,"comment_status":"closed","ping_status":"closed","template":"","meta":{"_analytify_skip_tracking":false,"footnotes":""},"class_list":["post-5956","page","type-page","status-publish","hentry","wpbf-post"],"_links":{"self":[{"href":"https:\/\/www.brokerwahl.de\/en\/wp-json\/wp\/v2\/pages\/5956","targetHints":{"allow":["GET"]}}],"collection":[{"href":"https:\/\/www.brokerwahl.de\/en\/wp-json\/wp\/v2\/pages"}],"about":[{"href":"https:\/\/www.brokerwahl.de\/en\/wp-json\/wp\/v2\/types\/page"}],"author":[{"embeddable":true,"href":"https:\/\/www.brokerwahl.de\/en\/wp-json\/wp\/v2\/users\/1"}],"replies":[{"embeddable":true,"href":"https:\/\/www.brokerwahl.de\/en\/wp-json\/wp\/v2\/comments?post=5956"}],"version-history":[{"count":3,"href":"https:\/\/www.brokerwahl.de\/en\/wp-json\/wp\/v2\/pages\/5956\/revisions"}],"predecessor-version":[{"id":5960,"href":"https:\/\/www.brokerwahl.de\/en\/wp-json\/wp\/v2\/pages\/5956\/revisions\/5960"}],"up":[{"embeddable":true,"href":"https:\/\/www.brokerwahl.de\/en\/wp-json\/wp\/v2\/pages\/2312"}],"wp:attachment":[{"href":"https:\/\/www.brokerwahl.de\/en\/wp-json\/wp\/v2\/media?parent=5956"}],"curies":[{"name":"wp","href":"https:\/\/api.w.org\/{rel}","templated":true}]}}