{"id":5364,"date":"2025-01-27T12:21:38","date_gmt":"2025-01-27T11:21:38","guid":{"rendered":"https:\/\/www.brokerwahl.de\/?page_id=5364"},"modified":"2025-02-23T20:27:46","modified_gmt":"2025-02-23T19:27:46","slug":"insider-alarm-voucher","status":"publish","type":"page","link":"https:\/\/www.brokerwahl.de\/en\/wins-broker-selection\/insider-alarm-voucher\/","title":{"rendered":"Insider Alarm voucher"},"content":{"rendered":"<h1>Insider Alarm voucher<\/h1>\n\t\t\t\t<a href=\"https:\/\/www.insider-alarm.de\" target=\"_blank\" rel=\"noopener\" itemprop=\"url\">\n\t\t\t\t<img loading=\"lazy\" decoding=\"async\" src=\"https:\/\/www.brokerwahl.de\/wp-content\/uploads\/2021\/01\/Logo_Insider_Alarm_2020_web-02.png\" alt=\"Logo Insider Alarm 2020 Web 02\" itemprop=\"image\" height=\"256\" width=\"709\" title=\"Logo Insider Alarm 2020 Web 02\" onerror=\"this.style.display='none'\"  \/>\n\t\t\t\t<\/a>\n\t<p><img loading=\"lazy\" decoding=\"async\" src=\"https:\/\/www.brokerwahl.de\/wp-content\/uploads\/2025\/01\/Image-1-220x300.webp\" alt=\"\" width=\"220\" height=\"300\" \/>Every participant in the bonus competition will receive a 90 euro voucher for the Insider Alarm.<\/p>\n<p>With Insider Alarm, you benefit from the knowledge of insiders!<\/p>\n<p>Optimise your trading strategy with the knowledge of the management and supervisory boards and significantly increase your trading returns!<\/p>\n<p>The insider alert continuously records insider trading from Germany (DAX family) and the USA (NASDAQ, S&amp;P100 and DowJones), i.e. insider purchases and insider sales, and informs you about the details of the insider transactions recorded.<\/p>\n<p>Insider Alarm passes on the insiders' knowledge directly to you through daily notifications of directors' dealings (insider trades).<\/p>\n<p>So you are always one knowledge step ahead of the market!<\/p>\n<p>More info on the <a href=\"https:\/\/www.insider-alarm.de\" target=\"_blank\" rel=\"noopener\">Insider Alert<\/a>!<\/p>","protected":false},"excerpt":{"rendered":"<p>Insider Alarm Gutschein Jeder Teilnehmer des Bonusgewinnspiels erh\u00e4lt einen 90 Euro Gutschein f\u00fcr den Insider Alarm. Beim Insider Alarm profitieren Sie vom Wissen der Insider! Optimieren Sie mit dem Wissen der Vorst\u00e4nde und Aufsichtsr\u00e4te Ihre Handelsstrategie und erh\u00f6hen Sie Ihre Trading Rendite signifikant! Der Insider-Alarm erfa\u00dft kontinuierlich den Insiderhandel aus Deutschland (DAX-Familie) und den USA [&hellip;]<\/p>\n","protected":false},"author":1,"featured_media":0,"parent":3461,"menu_order":0,"comment_status":"closed","ping_status":"closed","template":"","meta":{"_analytify_skip_tracking":false,"footnotes":""},"class_list":["post-5364","page","type-page","status-publish","hentry","wpbf-post"],"_links":{"self":[{"href":"https:\/\/www.brokerwahl.de\/en\/wp-json\/wp\/v2\/pages\/5364","targetHints":{"allow":["GET"]}}],"collection":[{"href":"https:\/\/www.brokerwahl.de\/en\/wp-json\/wp\/v2\/pages"}],"about":[{"href":"https:\/\/www.brokerwahl.de\/en\/wp-json\/wp\/v2\/types\/page"}],"author":[{"embeddable":true,"href":"https:\/\/www.brokerwahl.de\/en\/wp-json\/wp\/v2\/users\/1"}],"replies":[{"embeddable":true,"href":"https:\/\/www.brokerwahl.de\/en\/wp-json\/wp\/v2\/comments?post=5364"}],"version-history":[{"count":11,"href":"https:\/\/www.brokerwahl.de\/en\/wp-json\/wp\/v2\/pages\/5364\/revisions"}],"predecessor-version":[{"id":5702,"href":"https:\/\/www.brokerwahl.de\/en\/wp-json\/wp\/v2\/pages\/5364\/revisions\/5702"}],"up":[{"embeddable":true,"href":"https:\/\/www.brokerwahl.de\/en\/wp-json\/wp\/v2\/pages\/3461"}],"wp:attachment":[{"href":"https:\/\/www.brokerwahl.de\/en\/wp-json\/wp\/v2\/media?parent=5364"}],"curies":[{"name":"wp","href":"https:\/\/api.w.org\/{rel}","templated":true}]}}