{"id":4632,"date":"2022-01-01T23:23:05","date_gmt":"2022-01-01T22:23:05","guid":{"rendered":"https:\/\/www.brokerwahl.de\/?page_id=4632"},"modified":"2023-02-13T21:04:44","modified_gmt":"2023-02-13T20:04:44","slug":"financial-books-3","status":"publish","type":"page","link":"https:\/\/www.brokerwahl.de\/en\/wins-broker-selection\/financial-books-3\/","title":{"rendered":"Amazon vouchers"},"content":{"rendered":"<h1>\n\t\tAmazon vouchers for financial books\n\t<\/h1>\n<h2>\n\t\tRead! Learn! Invest!\n\t<\/h2>\n\t\t\t\t\t\t\t\t\t\t\t\t\t\t\t\t\t<a href=\"https:\/\/www.brokerwahl.de\/wp-content\/uploads\/2021\/01\/ExternalLink_41kx2Uh9EDL._SX319_BO1204203200_-193x300-1.jpg\" target=\"_self\" data-caption=\"\" rel=\"noopener\">\n\t\t\t\t\t\t\t\t\t\t<\/a>\n\t\t\t\t\t\t\t\t\t\t\t\t\t\t\t\t\t<a href=\"https:\/\/www.brokerwahl.de\/wp-content\/uploads\/2021\/01\/ExternalLink_31IeAb7hJkL._SX311_BO1204203200_-188x300-1.jpg\" target=\"_self\" data-caption=\"\" rel=\"noopener\">\n\t\t\t\t\t\t\t\t\t\t<\/a>\n\t\t\t\t\t\t\t\t\t\t\t\t\t\t\t\t\t<a href=\"https:\/\/www.brokerwahl.de\/wp-content\/uploads\/2021\/01\/51gJnurKSL._SX331_BO1204203200_-200x300-1.jpg\" target=\"_self\" data-caption=\"\" rel=\"noopener\">\n\t\t\t\t\t\t\t\t\t\t<\/a>\n\t\t\t\t\t\t\t\t\t\t\t\t\t\t\t\t\t<a href=\"https:\/\/www.brokerwahl.de\/wp-content\/uploads\/2021\/01\/51MSVl6KZcL._SX331_BO1204203200_-200x300-1.jpg\" target=\"_self\" data-caption=\"\" rel=\"noopener\">\n\t\t\t\t\t\t\t\t\t\t<\/a>\n\t\t\t\t\t\t\t\t\t\t\t\t\t\t\t\t\t<a href=\"https:\/\/www.brokerwahl.de\/wp-content\/uploads\/2021\/01\/41WxB277uDL-203x300-1.jpg\" target=\"_self\" data-caption=\"\" rel=\"noopener\">\n\t\t\t\t\t\t\t\t\t\t<\/a>\n\t\t\t\t\t\t\t\t\t\t\t\t\t\t\t\t\t<a href=\"https:\/\/www.brokerwahl.de\/wp-content\/uploads\/2021\/01\/ExternalLink_411rvkFO4BL._SX319_BO1204203200_-193x300-1.jpg\" target=\"_self\" data-caption=\"\" rel=\"noopener\">\n\t\t\t\t\t\t\t\t\t\t<\/a>\n\t\t\t\t\t\t\t\t\t\t\t\t\t\t\t\t\t<a href=\"https:\/\/www.brokerwahl.de\/wp-content\/uploads\/2021\/01\/ExternalLink_512Wo422jXL._SX311_BO1204203200_-188x300-1.jpg\" target=\"_self\" data-caption=\"\" rel=\"noopener\">\n\t\t\t\t\t\t\t\t\t\t<\/a>\n\t\t\t\t\t\t\t\t\t\t\t\t\t\t\t\t\t<a href=\"https:\/\/www.brokerwahl.de\/wp-content\/uploads\/2021\/01\/51ctYE79BPL._SX331_BO1204203200_-200x300-1.jpg\" target=\"_self\" data-caption=\"\" rel=\"noopener\">\n\t\t\t\t\t\t\t\t\t\t<\/a>\n\t\t\t\t\t\t\t\t\t\t\t\t\t\t\t\t\t<a href=\"https:\/\/www.brokerwahl.de\/wp-content\/uploads\/2021\/01\/ExternalLink_41wm-Z2BFelL._SX311_BO1204203200_-188x300-1.jpg\" target=\"_self\" data-caption=\"\" rel=\"noopener\">\n\t\t\t\t\t\t\t\t\t\t<\/a>\n\t\t\t\t\t\t\t\t\t\t\t\t\t\t\t\t\t<a href=\"https:\/\/www.brokerwahl.de\/wp-content\/uploads\/2021\/01\/ExternalLink_41YsAfkpDjL._SX326_BO1204203200_-197x300-1.jpg\" target=\"_self\" data-caption=\"\" rel=\"noopener\">\n\t\t\t\t\t\t\t\t\t\t<\/a>\n\t\t\t\t\t\t\t\t\t\t\t\t\t\t\t\t\t<a href=\"https:\/\/www.brokerwahl.de\/wp-content\/uploads\/2021\/01\/ExternalLink_51u0bwQv1fL._SX331_BO1204203200_-200x300-1.jpg\" target=\"_self\" data-caption=\"\" rel=\"noopener\">\n\t\t\t\t\t\t\t\t\t\t<\/a>\n\t\t\t\t\t\t\t\t\t\t\t\t\t\t\t\t\t<a href=\"https:\/\/www.brokerwahl.de\/wp-content\/uploads\/2021\/01\/41GCI9n85BL._SX331_BO1204203200_-200x300-1.jpg\" target=\"_self\" data-caption=\"\" rel=\"noopener\">\n\t\t\t\t\t\t\t\t\t\t<\/a>\n\t\t\t\t\t\t\t\t\t\t\t\t\t\t\t\t\t<a href=\"https:\/\/www.brokerwahl.de\/wp-content\/uploads\/2021\/01\/ExternalLink_51yR22ByJpyL._SX322_BO1204203200_-195x300-1.jpg\" target=\"_self\" data-caption=\"\" rel=\"noopener\">\n\t\t\t\t\t\t\t\t\t\t<\/a>\n\t\t\t\t\t\t\t\t\t\t\t\t\t\t\t\t\t<a href=\"https:\/\/www.brokerwahl.de\/wp-content\/uploads\/2021\/01\/51OnoeGiJUL-194x300-1.jpg\" target=\"_self\" data-caption=\"\" rel=\"noopener\">\n\t\t\t\t\t\t\t\t\t\t<\/a>\n\t\t\t\t\t\t\t\t\t\t\t\t\t\t\t\t\t<a href=\"https:\/\/www.brokerwahl.de\/wp-content\/uploads\/2021\/01\/ExternalLink_51VoUbLf92BL._SX353_BO1204203200_-213x300-1.jpg\" target=\"_self\" data-caption=\"\" rel=\"noopener\">\n\t\t\t\t\t\t\t\t\t\t<\/a>\n\t\t\t\t\t\t\t\t\t\t\t\t\t\t\t\t\t<a href=\"https:\/\/www.brokerwahl.de\/wp-content\/uploads\/2021\/01\/51E003xQFHL-187x300-1.jpg\" target=\"_self\" data-caption=\"\" rel=\"noopener\">\n\t\t\t\t\t\t\t\t\t\t<\/a>\n\t\t\t\t\t\t\t\t\t\t\t\t\t\t\t\t\t<a href=\"https:\/\/www.brokerwahl.de\/wp-content\/uploads\/2021\/01\/ExternalLink_41CbsVM6ZeL._SX331_BO1204203200_-200x300-1.jpg\" target=\"_self\" data-caption=\"\" rel=\"noopener\">\n\t\t\t\t\t\t\t\t\t\t<\/a>\n\t\t\t\t\t\t\t\t<!-- pagination -->\n\t<p>7 Amazon vouchers worth 50 euros each - e.g. for one of the financial books presented here!<\/p>\n<p>With these 7 financial books, you can learn every financial topic in no time and become a trading pro. The topics range from cryptocurrencies, ETFs, shares, forex, CFD trading to fundamental analysis and technical analysis.<\/p>\n<p>Of course, you are free to choose the books you want. You can also use the vouchers freely for other goods. The financial books shown are only intended as a suggestion, as they are very popular with traders and investors.<\/p>\n<p>&nbsp;<\/p>\n<p><img loading=\"lazy\" decoding=\"async\" src=\"\/wp-content\/uploads\/2022\/01\/smile_orange_noto_email_v2016_de-main._CB467073547_-300x185.png\" alt=\"Amazon voucher orange\" width=\"300\" height=\"185\" \/><\/p>\n\t\t\t\t<a href=\"https:\/\/amzn.to\/2PFTdPr\" target=\"_blank\" rel=\"noopener nofollow\" itemprop=\"url\">\n\t\t\t\t<img loading=\"lazy\" decoding=\"async\" src=\"https:\/\/www.brokerwahl.de\/wp-content\/uploads\/2021\/03\/rich-dad-poor-dad.jpg\" alt=\"Rich Dad Poor Dad\" itemprop=\"image\" height=\"300\" width=\"212\" title=\"Rich Dad Poor Dad\" onerror=\"this.style.display='none'\"  \/>\n\t\t\t\t<\/a>\n\t<p>Rich Dad, Poor Dad<\/p>\n\t\t\t\t<a href=\"https:\/\/amzn.to\/3v6bx4F\" target=\"_blank\" rel=\"noopener nofollow\" itemprop=\"url\">\n\t\t\t\t<img loading=\"lazy\" decoding=\"async\" src=\"https:\/\/www.brokerwahl.de\/wp-content\/uploads\/2021\/01\/51ctYE79BPL._SX331_BO1204203200_-200x300-1.jpg\" alt=\"51ctYE79BPL. SX331 BO1204203200 200x300\" itemprop=\"image\" height=\"300\" width=\"200\" title=\"51ctYE79BPL. SX331 BO1204203200 200x300\" onerror=\"this.style.display='none'\"  \/>\n\t\t\t\t<\/a>\n\t<p>Shares for beginners<\/p>\n\t\t\t\t<a href=\"https:\/\/amzn.to\/30lTppe\" target=\"_blank\" rel=\"noopener nofollow\" itemprop=\"url\">\n\t\t\t\t<img loading=\"lazy\" decoding=\"async\" src=\"https:\/\/www.brokerwahl.de\/wp-content\/uploads\/2021\/01\/ExternalLink_41wm-Z2BFelL._SX311_BO1204203200_-188x300-1.jpg\" alt=\"ExternalLink 41wm Z2BFelL. SX311 BO1204203200 188x300\" itemprop=\"image\" height=\"300\" width=\"188\" title=\"ExternalLink 41wm Z2BFelL. SX311 BO1204203200 188x300\" onerror=\"this.style.display='none'\"  \/>\n\t\t\t\t<\/a>\n\t<p>ETF - Shares for Beginners<\/p>\n\t\t\t\t<a href=\"https:\/\/amzn.to\/3esXqAi\" target=\"_blank\" rel=\"noopener nofollow\" itemprop=\"url\">\n\t\t\t\t<img loading=\"lazy\" decoding=\"async\" src=\"https:\/\/www.brokerwahl.de\/wp-content\/uploads\/2021\/03\/madame-moneypenny.jpg\" alt=\"Madame Moneypenny\" itemprop=\"image\" height=\"300\" width=\"198\" title=\"Madame Moneypenny\" onerror=\"this.style.display='none'\"  \/>\n\t\t\t\t<\/a>\n\t<p>Madame Moneypenny<\/p>\n\t\t\t\t<a href=\"https:\/\/amzn.to\/3t1Ycs6\" target=\"_blank\" rel=\"noopener nofollow\" itemprop=\"url\">\n\t\t\t\t<img loading=\"lazy\" decoding=\"async\" src=\"https:\/\/www.brokerwahl.de\/wp-content\/uploads\/2021\/01\/ExternalLink_51u0bwQv1fL._SX331_BO1204203200_-200x300-1.jpg\" alt=\"ExternalLink 51u0bwQv1fL. SX331 BO1204203200 200x300\" itemprop=\"image\" height=\"300\" width=\"200\" title=\"ExternalLink 51u0bwQv1fL. SX331 BO1204203200 200x300\" onerror=\"this.style.display='none'\"  \/>\n\t\t\t\t<\/a>\n\t<p>Day trading for beginners<\/p>\n\t\t\t\t<a href=\"https:\/\/amzn.to\/3exXm2D\" target=\"_blank\" rel=\"noopener nofollow\" itemprop=\"url\">\n\t\t\t\t<img loading=\"lazy\" decoding=\"async\" src=\"https:\/\/www.brokerwahl.de\/wp-content\/uploads\/2021\/01\/41GCI9n85BL._SX331_BO1204203200_-200x300-1.jpg\" alt=\"41GCI9n85BL. SX331 BO1204203200 200x300\" itemprop=\"image\" height=\"300\" width=\"200\" title=\"41GCI9n85BL. SX331 BO1204203200 200x300\" onerror=\"this.style.display='none'\"  \/>\n\t\t\t\t<\/a>\n\t<p>ETF for beginners<\/p>\n\t\t\t\t<a href=\"https:\/\/amzn.to\/3l0SQur\" target=\"_blank\" rel=\"noopener nofollow\" itemprop=\"url\">\n\t\t\t\t<img loading=\"lazy\" decoding=\"async\" src=\"https:\/\/www.brokerwahl.de\/wp-content\/uploads\/2021\/03\/souveraen-investieren.jpg\" alt=\"Invest confidently\" itemprop=\"image\" height=\"300\" width=\"244\" title=\"Invest confidently\" onerror=\"this.style.display='none'\"  \/>\n\t\t\t\t<\/a>\n\t<p>Confident investing for beginners<\/p>\n\t\t\t\t<a href=\"https:\/\/amzn.to\/3ekA00f\" target=\"_blank\" rel=\"noopener nofollow\" itemprop=\"url\">\n\t\t\t\t<img loading=\"lazy\" decoding=\"async\" src=\"https:\/\/www.brokerwahl.de\/wp-content\/uploads\/2021\/03\/kaufen-oder-mieten.jpg\" alt=\"Buy Or Rent\" itemprop=\"image\" height=\"300\" width=\"189\" title=\"Buy Or Rent\" onerror=\"this.style.display='none'\"  \/>\n\t\t\t\t<\/a>\n\t<p>Buy or rent?<\/p>\n\t\t\t\t<a href=\"https:\/\/amzn.to\/3sZDmcR\" target=\"_blank\" rel=\"noopener nofollow\" itemprop=\"url\">\n\t\t\t\t<img loading=\"lazy\" decoding=\"async\" src=\"https:\/\/www.brokerwahl.de\/wp-content\/uploads\/2021\/01\/ExternalLink_51VoUbLf92BL._SX353_BO1204203200_-213x300-1.jpg\" alt=\"ExternalLink 51VoUbLf92BL. SX353 BO1204203200 213x300\" itemprop=\"image\" height=\"300\" width=\"213\" title=\"ExternalLink 51VoUbLf92BL. SX353 BO1204203200 213x300\" onerror=\"this.style.display='none'\"  \/>\n\t\t\t\t<\/a>\n\t<p>The Buffett Essays<\/p>\n\t\t\t\t<a href=\"https:\/\/amzn.to\/3elYdDq\" target=\"_blank\" rel=\"noopener nofollow\" itemprop=\"url\">\n\t\t\t\t<img loading=\"lazy\" decoding=\"async\" src=\"https:\/\/www.brokerwahl.de\/wp-content\/uploads\/2021\/01\/ExternalLink_411rvkFO4BL._SX319_BO1204203200_-193x300-1.jpg\" alt=\"ExternalLink 411rvkFO4BL. SX319 BO1204203200 193x300\" itemprop=\"image\" height=\"300\" width=\"193\" title=\"ExternalLink 411rvkFO4BL. SX319 BO1204203200 193x300\" onerror=\"this.style.display='none'\"  \/>\n\t\t\t\t<\/a>\n\t<p>CFD Trading<\/p>\n\t\t\t\t<a href=\"https:\/\/amzn.to\/3rvzAaS\" target=\"_blank\" rel=\"noopener nofollow\" itemprop=\"url\">\n\t\t\t\t<img loading=\"lazy\" decoding=\"async\" src=\"https:\/\/www.brokerwahl.de\/wp-content\/uploads\/2021\/01\/41WxB277uDL-203x300-1.jpg\" alt=\"41WxB277uDL 203x300 1\" itemprop=\"image\" height=\"300\" width=\"203\" title=\"41WxB277uDL 203x300 1\" onerror=\"this.style.display='none'\"  \/>\n\t\t\t\t<\/a>\n\t<p>World System Crash<\/p>\n\t\t\t\t<a href=\"https:\/\/amzn.to\/3t0laQn\" target=\"_blank\" rel=\"noopener nofollow\" itemprop=\"url\">\n\t\t\t\t<img loading=\"lazy\" decoding=\"async\" src=\"https:\/\/www.brokerwahl.de\/wp-content\/uploads\/2021\/01\/51MSVl6KZcL._SX331_BO1204203200_-200x300-1.jpg\" alt=\"51MSVl6KZcL. SX331 BO1204203200 200x300\" itemprop=\"image\" height=\"300\" width=\"200\" title=\"51MSVl6KZcL. SX331 BO1204203200 200x300\" onerror=\"this.style.display='none'\"  \/>\n\t\t\t\t<\/a>\n\t<p>Passive income<\/p>\n\t\t\t\t<a href=\"https:\/\/amzn.to\/3cbo7qA\" target=\"_blank\" rel=\"noopener nofollow\" itemprop=\"url\">\n\t\t\t\t<img loading=\"lazy\" decoding=\"async\" src=\"https:\/\/www.brokerwahl.de\/wp-content\/uploads\/2021\/01\/51gJnurKSL._SX331_BO1204203200_-200x300-1.jpg\" alt=\"51gJnurKSL. SX331 BO1204203200 200x300\" itemprop=\"image\" height=\"300\" width=\"200\" title=\"51gJnurKSL. SX331 BO1204203200 200x300\" onerror=\"this.style.display='none'\"  \/>\n\t\t\t\t<\/a>\n\t<p>Technical analysis<\/p>\n\t\t\t\t<a href=\"https:\/\/amzn.to\/3qzvEVy\" target=\"_blank\" rel=\"noopener nofollow\" itemprop=\"url\">\n\t\t\t\t<img loading=\"lazy\" decoding=\"async\" src=\"https:\/\/www.brokerwahl.de\/wp-content\/uploads\/2021\/03\/die-faulbaer-strategie.jpg\" alt=\"The lazy bear strategy\" itemprop=\"image\" height=\"300\" width=\"200\" title=\"The lazy bear strategy\" onerror=\"this.style.display='none'\"  \/>\n\t\t\t\t<\/a>\n\t<p>The lazy bear strategy to the million<\/p>\n\t\t\t\t<a href=\"https:\/\/amzn.to\/3qw9sLI\" target=\"_blank\" rel=\"noopener nofollow\" itemprop=\"url\">\n\t\t\t\t<img loading=\"lazy\" decoding=\"async\" src=\"https:\/\/www.brokerwahl.de\/wp-content\/uploads\/2021\/01\/ExternalLink_41kx2Uh9EDL._SX319_BO1204203200_-193x300-1.jpg\" alt=\"ExternalLink 41kx2Uh9EDL. SX319 BO1204203200 193x300\" itemprop=\"image\" height=\"300\" width=\"193\" title=\"ExternalLink 41kx2Uh9EDL. SX319 BO1204203200 193x300\" onerror=\"this.style.display='none'\"  \/>\n\t\t\t\t<\/a>\n\t<p>Cryptocurrencies<\/p>\n\t\t\t\t<a href=\"https:\/\/amzn.to\/30p1yt4\" target=\"_blank\" rel=\"noopener nofollow\" itemprop=\"url\">\n\t\t\t\t<img loading=\"lazy\" decoding=\"async\" src=\"https:\/\/www.brokerwahl.de\/wp-content\/uploads\/2021\/03\/einmal-dividende-bitte.jpg\" alt=\"One Dividend Please\" itemprop=\"image\" height=\"300\" width=\"212\" title=\"One Dividend Please\" onerror=\"this.style.display='none'\"  \/>\n\t\t\t\t<\/a>\n\t<p>One dividend please!<\/p>\n\t\t\t\t<a href=\"https:\/\/amzn.to\/38ns7mJ\" target=\"_blank\" rel=\"noopener nofollow\" itemprop=\"url\">\n\t\t\t\t<img loading=\"lazy\" decoding=\"async\" src=\"https:\/\/www.brokerwahl.de\/wp-content\/uploads\/2021\/01\/51E003xQFHL-187x300-1.jpg\" alt=\"51E003xQFHL 187x300\" itemprop=\"image\" height=\"300\" width=\"187\" title=\"51E003xQFHL 187x300\" onerror=\"this.style.display='none'\"  \/>\n\t\t\t\t<\/a>\n\t<p>The biggest crash of all time<\/p>","protected":false},"excerpt":{"rendered":"<p>Amazon Gutscheine f\u00fcr Finanzb\u00fccher Lesen! Lernen! Investieren! 7 Amazon Gutscheine im Wert von je 50,- Euro &#8211; z.B. f\u00fcr eines der hier vorgestellten Finanzb\u00fccher! Mit diesen 7 Finanzb\u00fcchern erlernst Du jedes Finanzthema in k\u00fcrzester Zeit und kannst so zum Trading Profi werden. Die Themen reichen von Kryptow\u00e4hrungen, \u00fcber ETFs, Aktien, Forex, CFD-Trading bis zur Fundamentalanalyse [&hellip;]<\/p>\n","protected":false},"author":1,"featured_media":0,"parent":3461,"menu_order":3,"comment_status":"closed","ping_status":"closed","template":"","meta":{"_analytify_skip_tracking":false,"footnotes":""},"class_list":["post-4632","page","type-page","status-publish","hentry","wpbf-post"],"_links":{"self":[{"href":"https:\/\/www.brokerwahl.de\/en\/wp-json\/wp\/v2\/pages\/4632","targetHints":{"allow":["GET"]}}],"collection":[{"href":"https:\/\/www.brokerwahl.de\/en\/wp-json\/wp\/v2\/pages"}],"about":[{"href":"https:\/\/www.brokerwahl.de\/en\/wp-json\/wp\/v2\/types\/page"}],"author":[{"embeddable":true,"href":"https:\/\/www.brokerwahl.de\/en\/wp-json\/wp\/v2\/users\/1"}],"replies":[{"embeddable":true,"href":"https:\/\/www.brokerwahl.de\/en\/wp-json\/wp\/v2\/comments?post=4632"}],"version-history":[{"count":8,"href":"https:\/\/www.brokerwahl.de\/en\/wp-json\/wp\/v2\/pages\/4632\/revisions"}],"predecessor-version":[{"id":4941,"href":"https:\/\/www.brokerwahl.de\/en\/wp-json\/wp\/v2\/pages\/4632\/revisions\/4941"}],"up":[{"embeddable":true,"href":"https:\/\/www.brokerwahl.de\/en\/wp-json\/wp\/v2\/pages\/3461"}],"wp:attachment":[{"href":"https:\/\/www.brokerwahl.de\/en\/wp-json\/wp\/v2\/media?parent=4632"}],"curies":[{"name":"wp","href":"https:\/\/api.w.org\/{rel}","templated":true}]}}