{"id":3546,"date":"2021-01-27T20:38:38","date_gmt":"2021-01-27T19:38:38","guid":{"rendered":"https:\/\/www.brokerwahl.de\/?page_id=3546"},"modified":"2026-02-09T20:58:47","modified_gmt":"2026-02-09T19:58:47","slug":"trading-depot","status":"publish","type":"page","link":"https:\/\/www.brokerwahl.de\/en\/wins-broker-selection\/trading-depot\/","title":{"rendered":"5,000 Euro Trading Deposit"},"content":{"rendered":"<h1>5,000 Euro Trading Deposit<\/h1>\r\n<p>&nbsp;<\/p>\r\n<!-- pagination -->\r\n<p>You start with 5,000 euros - show everyone that you can make more out of it!<\/p>\r\n<p>Nach dem Ende der Brokerwahl 2026 kontaktieren wir Dich. Dann ben\u00f6tigen wir von Dir Deine Kontaktdaten, den Namen Deines Lieblingbrokers (nur teilnehmende Broker) und die IBAN, um die \u00dcberweisung vorzubereiten. Das Geld wird in Euro zu Deinem Depot (muss auf Deinem Namen laufen) \u00fcberwiesen. Alles l\u00e4uft transparent und der Broker wird vorher \u00fcber diesen Vorgang informiert.<\/p>","protected":false},"excerpt":{"rendered":"<p>5.000 Euro Trading Depot &nbsp; Du startest mit 5.000 Euro &#8211; zeige allen, dass Du daraus mehr machst! Nach dem Ende der Brokerwahl 2026 kontaktieren wir Dich. Dann ben\u00f6tigen wir von Dir Deine Kontaktdaten, den Namen Deines Lieblingbrokers (nur teilnehmende Broker) und die IBAN, um die \u00dcberweisung vorzubereiten. Das Geld wird in Euro zu Deinem [&hellip;]<\/p>\n","protected":false},"author":1,"featured_media":0,"parent":3461,"menu_order":6,"comment_status":"closed","ping_status":"closed","template":"","meta":{"_analytify_skip_tracking":false,"footnotes":""},"class_list":["post-3546","page","type-page","status-publish","hentry","wpbf-post"],"_links":{"self":[{"href":"https:\/\/www.brokerwahl.de\/en\/wp-json\/wp\/v2\/pages\/3546","targetHints":{"allow":["GET"]}}],"collection":[{"href":"https:\/\/www.brokerwahl.de\/en\/wp-json\/wp\/v2\/pages"}],"about":[{"href":"https:\/\/www.brokerwahl.de\/en\/wp-json\/wp\/v2\/types\/page"}],"author":[{"embeddable":true,"href":"https:\/\/www.brokerwahl.de\/en\/wp-json\/wp\/v2\/users\/1"}],"replies":[{"embeddable":true,"href":"https:\/\/www.brokerwahl.de\/en\/wp-json\/wp\/v2\/comments?post=3546"}],"version-history":[{"count":11,"href":"https:\/\/www.brokerwahl.de\/en\/wp-json\/wp\/v2\/pages\/3546\/revisions"}],"predecessor-version":[{"id":5930,"href":"https:\/\/www.brokerwahl.de\/en\/wp-json\/wp\/v2\/pages\/3546\/revisions\/5930"}],"up":[{"embeddable":true,"href":"https:\/\/www.brokerwahl.de\/en\/wp-json\/wp\/v2\/pages\/3461"}],"wp:attachment":[{"href":"https:\/\/www.brokerwahl.de\/en\/wp-json\/wp\/v2\/media?parent=3546"}],"curies":[{"name":"wp","href":"https:\/\/api.w.org\/{rel}","templated":true}]}}