{"id":3522,"date":"2021-01-27T19:05:02","date_gmt":"2021-01-27T18:05:02","guid":{"rendered":"https:\/\/www.brokerwahl.de\/?page_id=3522"},"modified":"2024-03-02T12:20:34","modified_gmt":"2024-03-02T11:20:34","slug":"bonus-price-mclaren-racetrack-training","status":"publish","type":"page","link":"https:\/\/www.brokerwahl.de\/en\/wins-broker-selection\/bonus-price-mclaren-racetrack-training\/","title":{"rendered":"Bonus Prize - McLaren Race Track Training"},"content":{"rendered":"<h1>\n\t\tMcLaren - racetrack training\n\t<\/h1>\n<h2>\n\t\tBonus Price - McLaren \n\t<\/h2>\n\t\t\t\t\t\t\t\t\t\t\t\t\t\t\t\t\t<a href=\"https:\/\/www.brokerwahl.de\/wp-content\/uploads\/2024\/02\/orange_McLaren_MP4-12C-0e6dea440938-1030x577.jpg\" target=\"_self\" data-caption=\"McLaren Rennstrecktraining\" rel=\"noopener\">\n\t\t\t\t\t\t\t\t\t\t<\/a>\n\t\t\t\t\t\t\t\t\t\t\t\t\t\t\t\t\t<a href=\"https:\/\/www.brokerwahl.de\/wp-content\/uploads\/2024\/02\/orange_McLaren_MP4-12C-7151bff3a794-1030x577.jpg\" target=\"_self\" data-caption=\"\" rel=\"noopener\">\n\t\t\t\t\t\t\t\t\t\t<\/a>\n\t\t\t\t\t\t\t\t\t\t\t\t\t\t\t\t\t<a href=\"https:\/\/www.brokerwahl.de\/wp-content\/uploads\/2024\/02\/orange_McLaren_MP4-12C-40dacca5ce44-1030x577.jpg\" target=\"_self\" data-caption=\"\" rel=\"noopener\">\n\t\t\t\t\t\t\t\t\t\t<\/a>\n\t\t\t\t\t\t\t\t\t\t\t\t\t\t\t\t\t<a href=\"https:\/\/www.brokerwahl.de\/wp-content\/uploads\/2024\/02\/orange_McLaren_MP4-12C-a3c395777ab0-1030x577.jpg\" target=\"_self\" data-caption=\"\" rel=\"noopener\">\n\t\t\t\t\t\t\t\t\t\t<\/a>\n\t\t\t\t\t\t\t\t\t\t\t\t\t\t\t\t\t<a href=\"https:\/\/www.brokerwahl.de\/wp-content\/uploads\/2024\/02\/orange_McLaren_MP4-12C-0d2b68b2d979-1030x577.jpg\" target=\"_self\" data-caption=\"\" rel=\"noopener\">\n\t\t\t\t\t\t\t\t\t\t<\/a>\n\t\t\t\t\t\t\t\t\t\t\t\t\t\t\t\t\t<a href=\"https:\/\/www.brokerwahl.de\/wp-content\/uploads\/2024\/02\/orange_McLaren_MP4-12C-eff92ca3eb0a-1030x577.jpg\" target=\"_self\" data-caption=\"\" rel=\"noopener\">\n\t\t\t\t\t\t\t\t\t\t<\/a>\n\t\t\t\t\t\t\t\t\t\t\t\t\t\t\t\t\t<a href=\"https:\/\/www.brokerwahl.de\/wp-content\/uploads\/2024\/02\/orange_McLaren_MP4-12C-99686b99b9ac-1030x577.jpg\" target=\"_self\" data-caption=\"\" rel=\"noopener\">\n\t\t\t\t\t\t\t\t\t\t<\/a>\n\t\t\t\t\t\t<!-- pagination -->\n\t<h3>GET IN &amp; STEP ON THE GAS - MCLAREN RACETRACK TRAINING<\/h3>\n<p>Are you trading at full throttle? Then you've come to the right place! With over 600 hp from the McLAren MP4 12C, you can accelerate from 0 to 100 in 3.3 seconds.<\/p>\n<p>Zip around the race track and let your strength run free! Of course you'll get a briefing first - safety first! But then you can get behind the wheel yourself and get going!<\/p>\n<p>And one thing is already guaranteed: Your adrenaline level will reach new heights! Just the right preparation for your next trades. Experience the unbridled power of a real racing car.<\/p>\n<p>Get in, buckle up and off you go!<\/p>\n<p>More info on the <a href=\"\/en\/wins-broker-selection\/bonus-price-mclaren-racetrack-training\/\">McLaren racetrack training<\/a>.<\/p>\n\t\t\t\t\t\t\tCylinder\n\t\t\t8\n\t<p>8 Cylinders cannot lie<\/p>\n\t\t\t\t\t\t\tSeconds\n\t\t\t3\n\t<p>0-100 km\/h in 3.3 s - buckle up!<\/p>\n\t\t\t\t\t\t\tPS\n\t\t\t624\n\t<p>625hp - can you handle it?!<\/p>\n\t<h2>MCLAREN MP4 12C<\/h2>\n<p>The McLaren MP4-12C is pure power.<\/p>\n<p>Instead of many words, we prefer to let the data speak:<\/p>\n<ul>\n<li>Engine: M838T - V8<\/li>\n<li>Cylinders: 8<\/li>\n<li>Power: 625 hp\/460 KW at 7,500 rpm<\/li>\n<li>Acceleration 0-100 km\/h: 3.3 seconds<\/li>\n<li>Acceleration 0-200 km\/h: 9 seconds<\/li>\n<li>Unladen weight: 1,336 kg<\/li>\n<li>Transmission: Seamless shift seven-speed dual clutch<\/li>\n<li>Brakes: Active Airbrake<\/li>\n<li>Chassis: Carbon fibre MonoCell with roll cage<\/li>\n<\/ul>\n<h3>\nRACE RACKS<\/h3>\n<ul>\n<li>Hockenheimring<\/li>\n<li>Spreewaldring<\/li>\n<li>Salzburgring<\/li>\n<li>Lausitzring<\/li>\n<li>Bilster Mountain<\/li>\n<\/ul>","protected":false},"excerpt":{"rendered":"<p>McLaren &#8211; Rennstreckentraining Bonuspreis &#8211; McLaren EINSTEIGEN &amp; GAS GEBEN &#8211; MCLAREN RENNSTRECKENTRAINING Du tradest mit Vollgas?! Dann bist Du hier genau richtig! Mit den \u00fcber 600 PS des McLAren MP4 12C beschleunigst Du in 3,3 Sekunden von 0 auf Hundert. Zische \u00fcber die Rennstrecke und lass Deinen Kr\u00e4ften freien Lauf! Nat\u00fcrlich bekommst Du erst [&hellip;]<\/p>\n","protected":false},"author":1,"featured_media":0,"parent":3461,"menu_order":5,"comment_status":"closed","ping_status":"closed","template":"","meta":{"_analytify_skip_tracking":false,"footnotes":""},"class_list":["post-3522","page","type-page","status-publish","hentry","wpbf-post"],"_links":{"self":[{"href":"https:\/\/www.brokerwahl.de\/en\/wp-json\/wp\/v2\/pages\/3522","targetHints":{"allow":["GET"]}}],"collection":[{"href":"https:\/\/www.brokerwahl.de\/en\/wp-json\/wp\/v2\/pages"}],"about":[{"href":"https:\/\/www.brokerwahl.de\/en\/wp-json\/wp\/v2\/types\/page"}],"author":[{"embeddable":true,"href":"https:\/\/www.brokerwahl.de\/en\/wp-json\/wp\/v2\/users\/1"}],"replies":[{"embeddable":true,"href":"https:\/\/www.brokerwahl.de\/en\/wp-json\/wp\/v2\/comments?post=3522"}],"version-history":[{"count":15,"href":"https:\/\/www.brokerwahl.de\/en\/wp-json\/wp\/v2\/pages\/3522\/revisions"}],"predecessor-version":[{"id":5150,"href":"https:\/\/www.brokerwahl.de\/en\/wp-json\/wp\/v2\/pages\/3522\/revisions\/5150"}],"up":[{"embeddable":true,"href":"https:\/\/www.brokerwahl.de\/en\/wp-json\/wp\/v2\/pages\/3461"}],"wp:attachment":[{"href":"https:\/\/www.brokerwahl.de\/en\/wp-json\/wp\/v2\/media?parent=3522"}],"curies":[{"name":"wp","href":"https:\/\/api.w.org\/{rel}","templated":true}]}}