{"id":3404,"date":"2021-01-26T21:56:13","date_gmt":"2021-01-26T20:56:13","guid":{"rendered":"https:\/\/www.brokerwahl.de\/?page_id=3404"},"modified":"2021-01-27T11:17:13","modified_gmt":"2021-01-27T10:17:13","slug":"long-and-black","status":"publish","type":"page","link":"https:\/\/www.brokerwahl.de\/en\/partner\/long-and-black\/","title":{"rendered":"Long and black"},"content":{"rendered":"<h1>\n\t\tLang &amp; Schwarz AG\n\t<\/h1>\n\t<p>Lang &amp; Schwarz AG was founded in 1996 and has been listed on the regulated market of the Frankfurt Stock Exchange since 2006.<\/p>\n<p>In the area of financial services, Lang &amp; Schwarz AG offers competent order execution, advice from an experienced sales team and the execution of equity trading-related services such as liquidity providing on XETRA or the implementation of individual share buyback programmes. Lang &amp; Schwarz AG offers designated sponsoring for direct mandates as well as for mandates from outsourcing partners.<\/p>\n\t\t\t\t<img loading=\"lazy\" decoding=\"async\" src=\"https:\/\/www.brokerwahl.de\/wp-content\/uploads\/2021\/01\/Partner-Screens-LS-2020.jpg\" alt=\"Partner Screens LS 2020\" itemprop=\"image\" height=\"680\" width=\"990\" title=\"Partner Screens LS 2020\" onerror=\"this.style.display='none'\"  \/>\n\t<p>In addition, it issues its own products (warrants and certificates) on national and international shares, indices, currencies and commodity and bund futures. Through its subsidiary Lang &amp; Schwarz TradeCenter AG &amp; Co. KG, it also acts as a market maker in the approx. 4,000 of its own derivatives.<\/p>\n<p>With its comprehensive trading hours, Lang &amp; Schwarz TradeCenter AG &amp; Co. KG is one of the recognised <a href=\"https:\/\/broker-test.de\/boersen\/lang-und-schwarz\/\" target=\"_blank\" rel=\"noopener\">Market leaders in over-the-counter trading<\/a>. Through partner banks and online brokers, investors can trade domestic and foreign equities from 7:30 a.m. to 11:00 p.m. Monday through Friday, from 10:00 a.m. to 1:00 p.m. on Saturdays, and from 5:00 p.m. to 7:00 p.m. on Sundays.<\/p>\n<p>You can find further information on Lang &amp; Schwarz at <a title=\"Lang &amp; Schwarz Wertpapierhandelsbank AG\" href=\"https:\/\/www.ls-d.de\/\" target=\"_blank\" rel=\"nofollow noopener\">www.ls-d.de<\/a>.<\/p>","protected":false},"excerpt":{"rendered":"<p>Lang &#038; Schwarz AG Die Lang &amp; Schwarz AG wurde 1996 gegr\u00fcndet und ist seit dem Jahr 2006 an der Frankfurter B\u00f6rse im Geregelten Markt notiert. Die Lang &amp; Schwarz AG bietet im Bereich Financial Services kompetente Orderausf\u00fchrung, die Beratung durch ein erfahrenes Salesteam sowie die Ausf\u00fchrung von aktienhandelsnahen Dienstleistungen wie das Liquidity Providing auf [&hellip;]<\/p>\n","protected":false},"author":1,"featured_media":0,"parent":2312,"menu_order":2,"comment_status":"closed","ping_status":"closed","template":"","meta":{"_analytify_skip_tracking":false,"footnotes":""},"class_list":["post-3404","page","type-page","status-publish","hentry","wpbf-post"],"_links":{"self":[{"href":"https:\/\/www.brokerwahl.de\/en\/wp-json\/wp\/v2\/pages\/3404","targetHints":{"allow":["GET"]}}],"collection":[{"href":"https:\/\/www.brokerwahl.de\/en\/wp-json\/wp\/v2\/pages"}],"about":[{"href":"https:\/\/www.brokerwahl.de\/en\/wp-json\/wp\/v2\/types\/page"}],"author":[{"embeddable":true,"href":"https:\/\/www.brokerwahl.de\/en\/wp-json\/wp\/v2\/users\/1"}],"replies":[{"embeddable":true,"href":"https:\/\/www.brokerwahl.de\/en\/wp-json\/wp\/v2\/comments?post=3404"}],"version-history":[{"count":3,"href":"https:\/\/www.brokerwahl.de\/en\/wp-json\/wp\/v2\/pages\/3404\/revisions"}],"predecessor-version":[{"id":3511,"href":"https:\/\/www.brokerwahl.de\/en\/wp-json\/wp\/v2\/pages\/3404\/revisions\/3511"}],"up":[{"embeddable":true,"href":"https:\/\/www.brokerwahl.de\/en\/wp-json\/wp\/v2\/pages\/2312"}],"wp:attachment":[{"href":"https:\/\/www.brokerwahl.de\/en\/wp-json\/wp\/v2\/media?parent=3404"}],"curies":[{"name":"wp","href":"https:\/\/api.w.org\/{rel}","templated":true}]}}