{"id":2317,"date":"2019-06-24T09:38:27","date_gmt":"2019-06-24T08:38:27","guid":{"rendered":"https:\/\/www.brokerwahl.de\/jobs\/"},"modified":"2021-01-15T00:12:35","modified_gmt":"2021-01-14T23:12:35","slug":"jobs","status":"publish","type":"page","link":"https:\/\/www.brokerwahl.de\/en\/jobs\/","title":{"rendered":"Jobs"},"content":{"rendered":"<h2>Open positions<\/h2>\n<h3><\/h3>\n<h3>1) WordPress Programmer - Freelancer, Home Office, Part-time<\/h3>\n<p>We are currently looking for a WordPress programmer on a freelance or part-time basis for a long-term collaboration.<\/p>\n<h3>2) Financial Editor - Freelancer, Home Office<\/h3>\n<p>We are looking for a financial editor for a long-term cooperation. The main tasks are independent content development, creation and implementation of editorial plans and editorial support for our financial newsletters.<\/p>\n<p>&nbsp;<\/p>\n<p><strong>And now?<\/strong><\/p>\n<p>Please write to us directly here in the <a href=\"\/en\/jobs\/programmer\/\">Programmer Job Form<\/a> or in the <a href=\"\/en\/jobs\/financial-editor\/\" data-schema-attribute=\"\">Financial Editor Job Form<\/a>.<br \/>\nThere you will also find more information about our requirement profiles.<\/p>\n<p><strong>Hint:<\/strong><\/p>\n<p>Unfortunately, we cannot answer enquiries via email, especially from job portals and recruitment agencies, as the number is now too high and rarely matches our advertisements! Therefore, please really everything via the form \ud83d\ude42<\/p>\n<p>&nbsp;<\/p>","protected":false},"excerpt":{"rendered":"<p>Offen Stellen 1) WordPress Programmierer &#8211; Freelancer, Home Office, nebenberuflich Derzeit suchen wir einen WordPress Programmierer auf Freelancer Basis oder nebenberuflich f\u00fcr eine langfristige Zusammenarbeit. 2) Finanzredakteur &#8211; Freelancer, Home Office Wir suchen einen Finanzredakteur f\u00fcr eine langfristige Zusammenarbeit. Hauptaufgaben sind eigenst\u00e4ndiger Content-Aufbau, Erstellung und Umsetzung von Redaktionspl\u00e4nen und redaktionelle Begleitung unserer Finanznewsletter. &nbsp; Und [&hellip;]<\/p>\n","protected":false},"author":2,"featured_media":0,"parent":0,"menu_order":36,"comment_status":"closed","ping_status":"closed","template":"","meta":{"_analytify_skip_tracking":false,"footnotes":""},"class_list":["post-2317","page","type-page","status-publish","hentry","wpbf-post"],"_links":{"self":[{"href":"https:\/\/www.brokerwahl.de\/en\/wp-json\/wp\/v2\/pages\/2317","targetHints":{"allow":["GET"]}}],"collection":[{"href":"https:\/\/www.brokerwahl.de\/en\/wp-json\/wp\/v2\/pages"}],"about":[{"href":"https:\/\/www.brokerwahl.de\/en\/wp-json\/wp\/v2\/types\/page"}],"author":[{"embeddable":true,"href":"https:\/\/www.brokerwahl.de\/en\/wp-json\/wp\/v2\/users\/2"}],"replies":[{"embeddable":true,"href":"https:\/\/www.brokerwahl.de\/en\/wp-json\/wp\/v2\/comments?post=2317"}],"version-history":[{"count":6,"href":"https:\/\/www.brokerwahl.de\/en\/wp-json\/wp\/v2\/pages\/2317\/revisions"}],"predecessor-version":[{"id":2924,"href":"https:\/\/www.brokerwahl.de\/en\/wp-json\/wp\/v2\/pages\/2317\/revisions\/2924"}],"wp:attachment":[{"href":"https:\/\/www.brokerwahl.de\/en\/wp-json\/wp\/v2\/media?parent=2317"}],"curies":[{"name":"wp","href":"https:\/\/api.w.org\/{rel}","templated":true}]}}