{"id":2305,"date":"2017-08-22T18:26:08","date_gmt":"2017-08-22T17:26:08","guid":{"rendered":"https:\/\/www.brokerwahl.de\/broker-test-de-trading-newsletter\/"},"modified":"2021-01-15T11:47:36","modified_gmt":"2021-01-15T10:47:36","slug":"broker-test-de-trading-newsletter","status":"publish","type":"page","link":"https:\/\/www.brokerwahl.de\/en\/newsletter\/broker-test-de-trading-newsletter\/","title":{"rendered":"Broker-Test.de-Trading-Newsletter"},"content":{"rendered":"<h1>\n\t\tBroker Test Trading Newsletter\n\t<\/h1>\n\t\t\t\t<a href=\"https:\/\/broker-test.de\/\" target=\"_blank\" rel=\"noopener\" itemprop=\"url\">\n\t\t\t\t<img loading=\"lazy\" decoding=\"async\" src=\"https:\/\/www.brokerwahl.de\/wp-content\/uploads\/2020\/12\/@brokertest.jpg\" alt=\"FINAL Logo Broker Test Large\" itemprop=\"image\" height=\"307\" width=\"800\" title=\"FINAL Logo Broker Test Large\" onerror=\"this.style.display='none'\"  \/>\n\t\t\t\t<\/a>\n\t<p>The Broker-Test.de trading newsletter is published every Monday morning at the start of the trading session with an analysis of the current market environment and offers basic recommendations on how investors can best adjust to the prevailing market situation. The main focus is on the Dax, interesting securities as well as the foreign exchange and commodity markets.<\/p>\n<p>We look at current events, provide an outlook for the coming trading week and highlight general trends and trading opportunities.<\/p>\n<p>The newsletter is supplemented by background information from the field of technical analysis as well as the latest news.\u00a0<a href=\"https:\/\/broker-test.de\/trading-webinare\/\" target=\"_blank\" rel=\"noopener\">Trading webinars<\/a>.<\/p>\n<h2>\n\t\tBroker Test Trading Newsletter\n\t<\/h2>\n\t\t\t\t\t\t\t\t\t\t\t\t\t\t\t\t\t<a href=\"https:\/\/www.brokerwahl.de\/wp-content\/uploads\/2021\/01\/btnl_opionen-cfds.png\" target=\"_self\" data-caption=\"\" rel=\"noopener\">\n\t\t\t\t\t\t\t\t\t\t<\/a>\n\t\t\t\t\t\t\t\t\t\t\t\t\t\t\t\t\t<a href=\"https:\/\/www.brokerwahl.de\/wp-content\/uploads\/2021\/01\/btnl_einleitung.png\" target=\"_self\" data-caption=\"\" rel=\"noopener\">\n\t\t\t\t\t\t\t\t\t\t<\/a>\n\t\t\t\t\t\t\t\t\t\t\t\t\t\t\t\t\t<a href=\"https:\/\/www.brokerwahl.de\/wp-content\/uploads\/2021\/01\/btnl_edelmetalle.png\" target=\"_self\" data-caption=\"\" rel=\"noopener\">\n\t\t\t\t\t\t\t\t\t\t<\/a>\n\t\t\t\t\t\t\t\t\t\t\t\t\t\t\t\t\t<a href=\"https:\/\/www.brokerwahl.de\/wp-content\/uploads\/2021\/01\/btnl_forex.png\" target=\"_self\" data-caption=\"\" rel=\"noopener\">\n\t\t\t\t\t\t\t\t\t\t<\/a>\n\t\t\t\t\t\t\t\t\t\t\t\t\t\t\t\t\t<a href=\"https:\/\/www.brokerwahl.de\/wp-content\/uploads\/2021\/01\/btnl_kryptos.png\" target=\"_self\" data-caption=\"\" rel=\"noopener\">\n\t\t\t\t\t\t\t\t\t\t<\/a>\n\t\t\t\t\t\t\t\t\t\t\t\t\t\t\t\t\t<a href=\"https:\/\/www.brokerwahl.de\/wp-content\/uploads\/2021\/01\/btnl_webinare.png\" target=\"_self\" data-caption=\"\" rel=\"noopener\">\n\t\t\t\t\t\t\t\t\t\t<\/a>\n\t\t\t\t\t\t\t\t\t\t\t\t\t\t\t\t\t<a href=\"https:\/\/www.brokerwahl.de\/wp-content\/uploads\/2021\/01\/btnl_forex-broker.png\" target=\"_self\" data-caption=\"\" rel=\"noopener\">\n\t\t\t\t\t\t\t\t\t\t<\/a>\n\t\t\t\t\t\t\t\t\t\t\t\t\t\t\t\t\t<a href=\"https:\/\/www.brokerwahl.de\/wp-content\/uploads\/2021\/01\/btnl_futures-broker.png\" target=\"_self\" data-caption=\"\" rel=\"noopener\">\n\t\t\t\t\t\t\t\t\t\t<\/a>\n\t\t\t\t\t\t\t\t<!-- pagination -->\n\t<p>Why not register directly for the\u00a0<a href=\"https:\/\/www.broker-test.de\/newsletter\/\" target=\"_blank\" rel=\"noopener\">Broker-Test.de Trading-Newsletter<\/a>\u00a0on!<\/p>","protected":false},"excerpt":{"rendered":"<p>Broker-Test Trading Newsletter Der Broker-Test.de-Trading-Newsletter erscheint jeden Montag Morgen zum B\u00f6rsenstart mit einer Analyse des aktuellen Marktumfeldes und bietet grunds\u00e4tzlichen Empfehlungen, wie sich Anleger am Besten auf die vorherrschende Marktlage einstellen k\u00f6nnen. Betrachtet wird dabei vor allem der Dax, interessante Wertpapiere sowie der Devisen- und Rohstoffmarkt. Wir befassen uns mit aktuellen Ereignissen, geben einen Ausblick [&hellip;]<\/p>\n","protected":false},"author":2,"featured_media":0,"parent":2300,"menu_order":0,"comment_status":"closed","ping_status":"closed","template":"","meta":{"_analytify_skip_tracking":false,"footnotes":""},"class_list":["post-2305","page","type-page","status-publish","hentry","wpbf-post"],"_links":{"self":[{"href":"https:\/\/www.brokerwahl.de\/en\/wp-json\/wp\/v2\/pages\/2305","targetHints":{"allow":["GET"]}}],"collection":[{"href":"https:\/\/www.brokerwahl.de\/en\/wp-json\/wp\/v2\/pages"}],"about":[{"href":"https:\/\/www.brokerwahl.de\/en\/wp-json\/wp\/v2\/types\/page"}],"author":[{"embeddable":true,"href":"https:\/\/www.brokerwahl.de\/en\/wp-json\/wp\/v2\/users\/2"}],"replies":[{"embeddable":true,"href":"https:\/\/www.brokerwahl.de\/en\/wp-json\/wp\/v2\/comments?post=2305"}],"version-history":[{"count":5,"href":"https:\/\/www.brokerwahl.de\/en\/wp-json\/wp\/v2\/pages\/2305\/revisions"}],"predecessor-version":[{"id":2936,"href":"https:\/\/www.brokerwahl.de\/en\/wp-json\/wp\/v2\/pages\/2305\/revisions\/2936"}],"up":[{"embeddable":true,"href":"https:\/\/www.brokerwahl.de\/en\/wp-json\/wp\/v2\/pages\/2300"}],"wp:attachment":[{"href":"https:\/\/www.brokerwahl.de\/en\/wp-json\/wp\/v2\/media?parent=2305"}],"curies":[{"name":"wp","href":"https:\/\/api.w.org\/{rel}","templated":true}]}}