{"id":2154,"date":"2020-12-29T22:14:17","date_gmt":"2020-12-29T21:14:17","guid":{"rendered":"https:\/\/www.brokerwahl.de\/?page_id=2154"},"modified":"2021-01-25T12:16:42","modified_gmt":"2021-01-25T11:16:42","slug":"programmer","status":"publish","type":"page","link":"https:\/\/www.brokerwahl.de\/en\/jobs\/programmer\/","title":{"rendered":"Programmer"},"content":{"rendered":"\r\n<h1>Stellenangebot WordPress Programmierer<\/h1>\r\n<p>Wir suchen einen WordPress Programmierer auf Freelancer Basis oder nebenberuflich f\u00fcr eine langfristige Zusammenarbeit.<\/p>\r\n<p>Wenn Du das mitbringst:<\/p>\r\n<ul>\r\n<li>Erfahrung in der Umsetzung von Projekten auf WordPress-Basis\u00a0(Frontend &amp; Backend)<\/li>\r\n<li>Unterschiedliche Systeme via API, Zapier, Weebhook etc. zum sprechen zu bringen<\/li>\r\n<li>Umfassendes Verst\u00e4ndnisse von HTML, CSS und PHP<\/li>\r\n<li>Erfahrungen mit ACF, CPT UI, FacetWP, Beaver Builder, Formidable Forms<\/li>\r\n<li>Selbstst\u00e4ndige und strukturierte Arbeitsweise<\/li>\r\n<\/ul>\r\n<p>Und Dir das gef\u00e4llt:<\/p>\r\n<ul>\r\n<li>Eine angenehme, offene Unternehmens- und Arbeitskultur, die durch einen freundlichen und respektvollen Umgang gepr\u00e4gt ist<\/li>\r\n<li>Komplett von zu Hause arbeiten! Redaktionskonferenzen machen wir via Zoom oder \u00e4hnlichen Video-L\u00f6sungen<\/li>\r\n<li>Fehler machen ist erlaubt: schnell scheitern, neu denken, besser machen \ud83d\ude42<\/li>\r\n<\/ul>\r\n<p>Dann f\u00fcll doch bitte einfach kurz das Formular aus und wir melden uns bei Dir!<\/p>\r\n<h2>WordPress Programmierer Formular<\/h2>\r\n<div class=\"frm_forms  with_frm_style frm_style_new-style\" id=\"frm_form_1_container\" >\n<form enctype=\"multipart\/form-data\" method=\"post\" class=\"frm-show-form  frm_pro_form \" id=\"form_jobformular-programmierer\" >\n<div class=\"frm_form_fields \">\n<fieldset>\n<legend class=\"frm_screen_reader\">Job Formular - Programmierer<\/legend>\r\n\r\n<div class=\"frm_fields_container\">\n<input type=\"hidden\" name=\"frm_action\" value=\"create\" \/>\n<input type=\"hidden\" name=\"form_id\" value=\"1\" \/>\n<input type=\"hidden\" name=\"frm_hide_fields_1\" id=\"frm_hide_fields_1\" value=\"\" \/>\n<input type=\"hidden\" name=\"form_key\" value=\"jobformular-programmierer\" \/>\n<input type=\"hidden\" name=\"item_meta[0]\" value=\"\" \/>\n<input type=\"hidden\" id=\"frm_submit_entry_1\" name=\"frm_submit_entry_1\" value=\"59ef54c45c\" \/><input type=\"hidden\" name=\"_wp_http_referer\" value=\"\/en\/wp-json\/wp\/v2\/pages\/2154\" \/><div id=\"frm_field_4_container\" class=\"frm_form_field form-field  frm_required_field frm_top_container frm_half\">\r\n    <label for=\"field_4w22j\" id=\"field_4w22j_label\" class=\"frm_primary_label\">Vorname\r\n        <span class=\"frm_required\">*<\/span>\r\n    <\/label>\r\n    <input  type=\"text\" id=\"field_4w22j\" name=\"item_meta[4]\" value=\"\"  data-reqmsg=\"Vorname cannot be blank.\" aria-required=\"true\" data-invmsg=\"Text is invalid\" aria-invalid=\"false\"   aria-describedby=\"frm_desc_field_4w22j\" \/>\r\n    <div class=\"frm_description\" id=\"frm_desc_field_4w22j\">First Name<\/div>\r\n    \r\n<\/div>\n<div id=\"frm_field_5_container\" class=\"frm_form_field form-field  frm_required_field frm_top_container frm_half\">\r\n    <label for=\"field_j5rug\" id=\"field_j5rug_label\" class=\"frm_primary_label\">Nachname\r\n        <span class=\"frm_required\">*<\/span>\r\n    <\/label>\r\n    <input  type=\"text\" id=\"field_j5rug\" name=\"item_meta[5]\" value=\"\"  data-reqmsg=\"Nachname cannot be blank.\" aria-required=\"true\" data-invmsg=\"Text is invalid\" aria-invalid=\"false\"   aria-describedby=\"frm_desc_field_j5rug\" \/>\r\n    <div class=\"frm_description\" id=\"frm_desc_field_j5rug\">Last Name<\/div>\r\n    \r\n<\/div>\n<div id=\"frm_field_1_container\" class=\"frm_form_field form-field  frm_required_field frm_top_container frm_half\">\r\n    <label for=\"field_tjqwh\" id=\"field_tjqwh_label\" class=\"frm_primary_label\">E-Mail Adresse\r\n        <span class=\"frm_required\">*<\/span>\r\n    <\/label>\r\n    <input type=\"email\" id=\"field_tjqwh\" name=\"item_meta[1]\" value=\"\"  data-reqmsg=\"E-Mail Adresse cannot be blank.\" aria-required=\"true\" data-invmsg=\"Email is invalid\" aria-invalid=\"false\"   aria-describedby=\"frm_desc_field_tjqwh\"\/>\r\n    <div class=\"frm_description\" id=\"frm_desc_field_tjqwh\">Email<\/div>\r\n    \r\n<\/div>\n<div id=\"frm_field_13_container\" class=\"frm_form_field form-field  frm_required_field frm_top_container frm_half\">\r\n    <label for=\"field_424r7\" id=\"field_424r7_label\" class=\"frm_primary_label\">Telefon\r\n        <span class=\"frm_required\">*<\/span>\r\n    <\/label>\r\n    <input type=\"tel\" id=\"field_424r7\" name=\"item_meta[13]\" value=\"\"  placeholder=\"mit L\u00e4ndervorwahl\" data-reqmsg=\"Telefon cannot be blank.\" aria-required=\"true\" data-invmsg=\"Phone is invalid\" aria-invalid=\"false\" pattern=\"((\\+\\d{1,3}(-|.| )?\\(?\\d\\)?(-| |.)?\\d{1,5})|(\\(?\\d{2,6}\\)?))(-|.| )?(\\d{3,4})(-|.| )?(\\d{4})(( x| ext)\\d{1,5}){0,1}$\"   aria-describedby=\"frm_desc_field_424r7\"\/>\r\n    <div class=\"frm_description\" id=\"frm_desc_field_424r7\">Phone<\/div>\r\n    \r\n<\/div>\n<div id=\"frm_field_12_container\" class=\"frm_form_field  frm_html_container form-field\"><\/p>\n<h2>WO LIEGEN DEINE ST\u00c4RKEN?<\/h2>\n<p>Wir w\u00fcrden gerne vorab wissen, wo Du Deine St\u00e4rken siehst. Wir arbeiten mit vielen Freelancern und Agenturen zusammen und w\u00fcrden gerne jeden dort einsetzen, wo er am Besten ist. Zu jedem Thema kannst Du einen Wert zwischen 0 (kein Wissen) bis 10 (Experte) eingeben.<\/p><\/div>\n<div id=\"frm_field_28_container\" class=\"frm_form_field form-field  frm_required_field frm_top_container frm_half\">\r\n    <label for=\"field_fctax\" id=\"field_fctax_label\" class=\"frm_primary_label\">Wordpress\r\n        <span class=\"frm_required\">*<\/span>\r\n    <\/label>\r\n    <div class=\"frm_range_container\"><input  data-reqmsg=\"Wordpress cannot be blank.\" aria-required=\"true\" data-invmsg=\"Slider is invalid\" aria-invalid=\"false\"   min=\"0\" max=\"10\" step=\"1\" type=\"range\" id=\"field_fctax\" name=\"item_meta[28]\" value=\"\"data-frmval=\"\" data-frmrange \/><div class=\"frm-text-center\"><span class=\"frm_range_value\">5<\/span><\/div><\/div>\r\n    \r\n    \r\n<\/div>\n<div id=\"frm_field_45_container\" class=\"frm_form_field form-field  frm_required_field frm_top_container frm_half\">\r\n    <label for=\"field_dq19t\" id=\"field_dq19t_label\" class=\"frm_primary_label\">Beaver Builder\r\n        <span class=\"frm_required\">*<\/span>\r\n    <\/label>\r\n    <div class=\"frm_range_container\"><input  data-reqmsg=\"Beaver Builder cannot be blank.\" aria-required=\"true\" data-invmsg=\"Slider is invalid\" aria-invalid=\"false\"   min=\"0\" max=\"10\" step=\"1\" type=\"range\" id=\"field_dq19t\" name=\"item_meta[45]\" value=\"\"data-frmval=\"\" data-frmrange \/><div class=\"frm-text-center\"><span class=\"frm_range_value\">5<\/span><\/div><\/div>\r\n    \r\n    \r\n<\/div>\n<div id=\"frm_field_30_container\" class=\"frm_form_field form-field  frm_required_field frm_top_container frm_half\">\r\n    <label for=\"field_5jzxd\" id=\"field_5jzxd_label\" class=\"frm_primary_label\">ACF\r\n        <span class=\"frm_required\">*<\/span>\r\n    <\/label>\r\n    <div class=\"frm_range_container\"><input  data-reqmsg=\"ACF cannot be blank.\" aria-required=\"true\" data-invmsg=\"Slider is invalid\" aria-invalid=\"false\"   min=\"0\" max=\"10\" step=\"1\" type=\"range\" id=\"field_5jzxd\" name=\"item_meta[30]\" value=\"\"data-frmval=\"\" data-frmrange \/><div class=\"frm-text-center\"><span class=\"frm_range_value\">5<\/span><\/div><\/div>\r\n    \r\n    \r\n<\/div>\n<div id=\"frm_field_112_container\" class=\"frm_form_field form-field  frm_required_field frm_top_container frm_half\">\r\n    <label for=\"field_9ppcf\" id=\"field_9ppcf_label\" class=\"frm_primary_label\">CPT UI\r\n        <span class=\"frm_required\">*<\/span>\r\n    <\/label>\r\n    <div class=\"frm_range_container\"><input  data-reqmsg=\"CPT UI cannot be blank.\" aria-required=\"true\" data-invmsg=\"Slider is invalid\" aria-invalid=\"false\"   min=\"0\" max=\"10\" step=\"1\" type=\"range\" id=\"field_9ppcf\" name=\"item_meta[112]\" value=\"\"data-frmval=\"\" data-frmrange \/><div class=\"frm-text-center\"><span class=\"frm_range_value\">5<\/span><\/div><\/div>\r\n    \r\n    \r\n<\/div>\n<div id=\"frm_field_25_container\" class=\"frm_form_field form-field  frm_required_field frm_top_container frm_half\">\r\n    <label for=\"field_erleg\" id=\"field_erleg_label\" class=\"frm_primary_label\">Formidable Forms\r\n        <span class=\"frm_required\">*<\/span>\r\n    <\/label>\r\n    <div class=\"frm_range_container\"><input  data-reqmsg=\"Formidable Forms cannot be blank.\" aria-required=\"true\" data-invmsg=\"Slider is invalid\" aria-invalid=\"false\"   min=\"0\" max=\"10\" step=\"1\" type=\"range\" id=\"field_erleg\" name=\"item_meta[25]\" value=\"\"data-frmval=\"\" data-frmrange \/><div class=\"frm-text-center\"><span class=\"frm_range_value\">5<\/span><\/div><\/div>\r\n    \r\n    \r\n<\/div>\n<div id=\"frm_field_17_container\" class=\"frm_form_field form-field  frm_required_field frm_top_container frm_half\">\r\n    <label for=\"field_jl02\" id=\"field_jl02_label\" class=\"frm_primary_label\">HTML5\r\n        <span class=\"frm_required\">*<\/span>\r\n    <\/label>\r\n    <div class=\"frm_range_container\"><input  data-reqmsg=\"HTML5 cannot be blank.\" aria-required=\"true\" data-invmsg=\"Slider is invalid\" aria-invalid=\"false\"   min=\"0\" max=\"10\" step=\"1\" type=\"range\" id=\"field_jl02\" name=\"item_meta[17]\" value=\"\"data-frmval=\"\" data-frmrange \/><div class=\"frm-text-center\"><span class=\"frm_range_value\">5<\/span><\/div><\/div>\r\n    \r\n    \r\n<\/div>\n<div id=\"frm_field_16_container\" class=\"frm_form_field form-field  frm_required_field frm_top_container frm_half\">\r\n    <label for=\"field_i8b9j\" id=\"field_i8b9j_label\" class=\"frm_primary_label\">CSS\r\n        <span class=\"frm_required\">*<\/span>\r\n    <\/label>\r\n    <div class=\"frm_range_container\"><input  data-reqmsg=\"CSS cannot be blank.\" aria-required=\"true\" data-invmsg=\"Slider is invalid\" aria-invalid=\"false\"   min=\"0\" max=\"10\" step=\"1\" type=\"range\" id=\"field_i8b9j\" name=\"item_meta[16]\" value=\"\"data-frmval=\"\" data-frmrange \/><div class=\"frm-text-center\"><span class=\"frm_range_value\">5<\/span><\/div><\/div>\r\n    \r\n    \r\n<\/div>\n<div id=\"frm_field_29_container\" class=\"frm_form_field form-field  frm_required_field frm_top_container frm_half\">\r\n    <label for=\"field_6kv9e\" id=\"field_6kv9e_label\" class=\"frm_primary_label\">JS, JQuery\r\n        <span class=\"frm_required\">*<\/span>\r\n    <\/label>\r\n    <div class=\"frm_range_container\"><input  data-reqmsg=\"JS, JQuery cannot be blank.\" aria-required=\"true\" data-invmsg=\"Slider is invalid\" aria-invalid=\"false\"   min=\"0\" max=\"10\" step=\"1\" type=\"range\" id=\"field_6kv9e\" name=\"item_meta[29]\" value=\"\"data-frmval=\"\" data-frmrange \/><div class=\"frm-text-center\"><span class=\"frm_range_value\">5<\/span><\/div><\/div>\r\n    \r\n    \r\n<\/div>\n<div id=\"frm_field_27_container\" class=\"frm_form_field form-field  frm_required_field frm_top_container frm_half\">\r\n    <label for=\"field_qmmkr\" id=\"field_qmmkr_label\" class=\"frm_primary_label\">PHP\r\n        <span class=\"frm_required\">*<\/span>\r\n    <\/label>\r\n    <div class=\"frm_range_container\"><input  data-reqmsg=\"PHP cannot be blank.\" aria-required=\"true\" data-invmsg=\"Slider is invalid\" aria-invalid=\"false\"   min=\"0\" max=\"10\" step=\"1\" type=\"range\" id=\"field_qmmkr\" name=\"item_meta[27]\" value=\"\"data-frmval=\"\" data-frmrange \/><div class=\"frm-text-center\"><span class=\"frm_range_value\">5<\/span><\/div><\/div>\r\n    \r\n    \r\n<\/div>\n<div id=\"frm_field_26_container\" class=\"frm_form_field form-field  frm_top_container frm_half\">\r\n    <label for=\"field_q13iq\" id=\"field_q13iq_label\" class=\"frm_primary_label\">MySQL\r\n        <span class=\"frm_required\"><\/span>\r\n    <\/label>\r\n    <div class=\"frm_range_container\"><input  data-invmsg=\"Slider is invalid\" aria-invalid=\"false\"   min=\"0\" max=\"10\" step=\"1\" type=\"range\" id=\"field_q13iq\" name=\"item_meta[26]\" value=\"\"data-frmval=\"\" data-frmrange \/><div class=\"frm-text-center\"><span class=\"frm_range_value\">5<\/span><\/div><\/div>\r\n    \r\n    \r\n<\/div>\n<div id=\"frm_field_24_container\" class=\"frm_form_field form-field  frm_required_field frm_top_container frm_half\">\r\n    <label for=\"field_5pjo7\" id=\"field_5pjo7_label\" class=\"frm_primary_label\">Page Speed Optimierung\r\n        <span class=\"frm_required\">*<\/span>\r\n    <\/label>\r\n    <div class=\"frm_range_container\"><input  data-reqmsg=\"Page Speed Optimierung cannot be blank.\" aria-required=\"true\" data-invmsg=\"Slider is invalid\" aria-invalid=\"false\"   min=\"0\" max=\"10\" step=\"1\" type=\"range\" id=\"field_5pjo7\" name=\"item_meta[24]\" value=\"\"data-frmval=\"\" data-frmrange \/><div class=\"frm-text-center\"><span class=\"frm_range_value\">5<\/span><\/div><\/div>\r\n    \r\n    \r\n<\/div>\n<div id=\"frm_field_23_container\" class=\"frm_form_field form-field  frm_required_field frm_top_container frm_half\">\r\n    <label for=\"field_uz94x\" id=\"field_uz94x_label\" class=\"frm_primary_label\">AMP\r\n        <span class=\"frm_required\">*<\/span>\r\n    <\/label>\r\n    <div class=\"frm_range_container\"><input  data-reqmsg=\"AMP cannot be blank.\" aria-required=\"true\" data-invmsg=\"Slider is invalid\" aria-invalid=\"false\"   min=\"0\" max=\"10\" step=\"1\" type=\"range\" id=\"field_uz94x\" name=\"item_meta[23]\" value=\"\"data-frmval=\"\" data-frmrange \/><div class=\"frm-text-center\"><span class=\"frm_range_value\">5<\/span><\/div><\/div>\r\n    \r\n    \r\n<\/div>\n<div id=\"frm_field_22_container\" class=\"frm_form_field form-field  frm_required_field frm_top_container frm_half\">\r\n    <label for=\"field_kbxln\" id=\"field_kbxln_label\" class=\"frm_primary_label\">Borlabs Cookie Plugin\r\n        <span class=\"frm_required\">*<\/span>\r\n    <\/label>\r\n    <div class=\"frm_range_container\"><input  data-reqmsg=\"Borlabs Cookie Plugin cannot be blank.\" aria-required=\"true\" data-invmsg=\"Slider is invalid\" aria-invalid=\"false\"   min=\"0\" max=\"10\" step=\"1\" type=\"range\" id=\"field_kbxln\" name=\"item_meta[22]\" value=\"\"data-frmval=\"\" data-frmrange \/><div class=\"frm-text-center\"><span class=\"frm_range_value\">5<\/span><\/div><\/div>\r\n    \r\n    \r\n<\/div>\n<div id=\"frm_field_42_container\" class=\"frm_form_field form-field  frm_required_field frm_top_container frm_half\">\r\n    <label for=\"field_ln1ap\" id=\"field_ln1ap_label\" class=\"frm_primary_label\">Advanced Ads\r\n        <span class=\"frm_required\">*<\/span>\r\n    <\/label>\r\n    <div class=\"frm_range_container\"><input  data-reqmsg=\"Advanced Ads cannot be blank.\" aria-required=\"true\" data-invmsg=\"Slider is invalid\" aria-invalid=\"false\"   min=\"0\" max=\"10\" step=\"1\" type=\"range\" id=\"field_ln1ap\" name=\"item_meta[42]\" value=\"\"data-frmval=\"\" data-frmrange \/><div class=\"frm-text-center\"><span class=\"frm_range_value\">5<\/span><\/div><\/div>\r\n    \r\n    \r\n<\/div>\n<div id=\"frm_field_21_container\" class=\"frm_form_field form-field  frm_required_field frm_top_container frm_half\">\r\n    <label for=\"field_574ds\" id=\"field_574ds_label\" class=\"frm_primary_label\">The Events Calender\r\n        <span class=\"frm_required\">*<\/span>\r\n    <\/label>\r\n    <div class=\"frm_range_container\"><input  data-reqmsg=\"The Events Calender cannot be blank.\" aria-required=\"true\" data-invmsg=\"Slider is invalid\" aria-invalid=\"false\"   min=\"0\" max=\"10\" step=\"1\" type=\"range\" id=\"field_574ds\" name=\"item_meta[21]\" value=\"\"data-frmval=\"\" data-frmrange \/><div class=\"frm-text-center\"><span class=\"frm_range_value\">5<\/span><\/div><\/div>\r\n    \r\n    \r\n<\/div>\n<div id=\"frm_field_20_container\" class=\"frm_form_field form-field  frm_required_field frm_top_container frm_half\">\r\n    <label for=\"field_2h8gj\" id=\"field_2h8gj_label\" class=\"frm_primary_label\">wpDataTables\r\n        <span class=\"frm_required\">*<\/span>\r\n    <\/label>\r\n    <div class=\"frm_range_container\"><input  data-reqmsg=\"wpDataTables cannot be blank.\" aria-required=\"true\" data-invmsg=\"Slider is invalid\" aria-invalid=\"false\"   min=\"0\" max=\"10\" step=\"1\" type=\"range\" id=\"field_2h8gj\" name=\"item_meta[20]\" value=\"\"data-frmval=\"\" data-frmrange \/><div class=\"frm-text-center\"><span class=\"frm_range_value\">5<\/span><\/div><\/div>\r\n    \r\n    \r\n<\/div>\n<div id=\"frm_field_36_container\" class=\"frm_form_field form-field  frm_required_field frm_top_container frm_half\">\r\n    <label for=\"field_9017s\" id=\"field_9017s_label\" class=\"frm_primary_label\">Rank Math\r\n        <span class=\"frm_required\">*<\/span>\r\n    <\/label>\r\n    <div class=\"frm_range_container\"><input  data-reqmsg=\"Rank Math cannot be blank.\" aria-required=\"true\" data-invmsg=\"Slider is invalid\" aria-invalid=\"false\"   min=\"0\" max=\"10\" step=\"1\" type=\"range\" id=\"field_9017s\" name=\"item_meta[36]\" value=\"\"data-frmval=\"\" data-frmrange \/><div class=\"frm-text-center\"><span class=\"frm_range_value\">5<\/span><\/div><\/div>\r\n    \r\n    \r\n<\/div>\n<div id=\"frm_field_37_container\" class=\"frm_form_field form-field  frm_required_field frm_top_container frm_half\">\r\n    <label for=\"field_huffc\" id=\"field_huffc_label\" class=\"frm_primary_label\">Screaming Frog SEO Spider\r\n        <span class=\"frm_required\">*<\/span>\r\n    <\/label>\r\n    <div class=\"frm_range_container\"><input  data-reqmsg=\"Screaming Frog SEO Spider cannot be blank.\" aria-required=\"true\" data-invmsg=\"Slider is invalid\" aria-invalid=\"false\"   min=\"0\" max=\"10\" step=\"1\" type=\"range\" id=\"field_huffc\" name=\"item_meta[37]\" value=\"\"data-frmval=\"\" data-frmrange \/><div class=\"frm-text-center\"><span class=\"frm_range_value\">5<\/span><\/div><\/div>\r\n    \r\n    \r\n<\/div>\n<div id=\"frm_field_38_container\" class=\"frm_form_field form-field  frm_required_field frm_top_container frm_half\">\r\n    <label for=\"field_7i8dh\" id=\"field_7i8dh_label\" class=\"frm_primary_label\">Google Analytics\r\n        <span class=\"frm_required\">*<\/span>\r\n    <\/label>\r\n    <div class=\"frm_range_container\"><input  data-reqmsg=\"Google Analytics cannot be blank.\" aria-required=\"true\" data-invmsg=\"Slider is invalid\" aria-invalid=\"false\"   min=\"0\" max=\"10\" step=\"1\" type=\"range\" id=\"field_7i8dh\" name=\"item_meta[38]\" value=\"\"data-frmval=\"\" data-frmrange \/><div class=\"frm-text-center\"><span class=\"frm_range_value\">5<\/span><\/div><\/div>\r\n    \r\n    \r\n<\/div>\n<div id=\"frm_field_39_container\" class=\"frm_form_field form-field  frm_required_field frm_top_container frm_half\">\r\n    <label for=\"field_hhqaw\" id=\"field_hhqaw_label\" class=\"frm_primary_label\">Google AdWords\r\n        <span class=\"frm_required\">*<\/span>\r\n    <\/label>\r\n    <div class=\"frm_range_container\"><input  data-reqmsg=\"Google AdWords cannot be blank.\" aria-required=\"true\" data-invmsg=\"Slider is invalid\" aria-invalid=\"false\"   min=\"0\" max=\"10\" step=\"1\" type=\"range\" id=\"field_hhqaw\" name=\"item_meta[39]\" value=\"\"data-frmval=\"\" data-frmrange \/><div class=\"frm-text-center\"><span class=\"frm_range_value\">5<\/span><\/div><\/div>\r\n    \r\n    \r\n<\/div>\n<div id=\"frm_field_40_container\" class=\"frm_form_field form-field  frm_required_field frm_top_container frm_half\">\r\n    <label for=\"field_ir3pa\" id=\"field_ir3pa_label\" class=\"frm_primary_label\">Google AdSense\r\n        <span class=\"frm_required\">*<\/span>\r\n    <\/label>\r\n    <div class=\"frm_range_container\"><input  data-reqmsg=\"Google AdSense cannot be blank.\" aria-required=\"true\" data-invmsg=\"Slider is invalid\" aria-invalid=\"false\"   min=\"0\" max=\"10\" step=\"1\" type=\"range\" id=\"field_ir3pa\" name=\"item_meta[40]\" value=\"\"data-frmval=\"\" data-frmrange \/><div class=\"frm-text-center\"><span class=\"frm_range_value\">5<\/span><\/div><\/div>\r\n    \r\n    \r\n<\/div>\n<div id=\"frm_field_41_container\" class=\"frm_form_field form-field  frm_required_field frm_top_container frm_half\">\r\n    <label for=\"field_4k4kk\" id=\"field_4k4kk_label\" class=\"frm_primary_label\">Google AdManager\r\n        <span class=\"frm_required\">*<\/span>\r\n    <\/label>\r\n    <div class=\"frm_range_container\"><input  data-reqmsg=\"Google AdManager cannot be blank.\" aria-required=\"true\" data-invmsg=\"Slider is invalid\" aria-invalid=\"false\"   aria-describedby=\"frm_desc_field_4k4kk\" min=\"0\" max=\"10\" step=\"1\" type=\"range\" id=\"field_4k4kk\" name=\"item_meta[41]\" value=\"\"data-frmval=\"\" data-frmrange \/><div class=\"frm-text-center\"><span class=\"frm_range_value\">5<\/span><\/div><\/div>\r\n    <div class=\"frm_description\" id=\"frm_desc_field_4k4kk\">formerly known as Doubleclick for Publishers<\/div>\r\n    \r\n<\/div>\n<div id=\"frm_field_43_container\" class=\"frm_form_field form-field  frm_required_field frm_top_container frm_half\">\r\n    <label for=\"field_dt7ay\" id=\"field_dt7ay_label\" class=\"frm_primary_label\">Google Suche\r\n        <span class=\"frm_required\">*<\/span>\r\n    <\/label>\r\n    <div class=\"frm_range_container\"><input  data-reqmsg=\"Google Suche cannot be blank.\" aria-required=\"true\" data-invmsg=\"Slider is invalid\" aria-invalid=\"false\"   min=\"0\" max=\"10\" step=\"1\" type=\"range\" id=\"field_dt7ay\" name=\"item_meta[43]\" value=\"\"data-frmval=\"\" data-frmrange \/><div class=\"frm-text-center\"><span class=\"frm_range_value\">5<\/span><\/div><\/div>\r\n    \r\n    \r\n<\/div>\n<div id=\"frm_field_44_container\" class=\"frm_form_field form-field  frm_required_field frm_top_container frm_half\">\r\n    <label for=\"field_i7g8e\" id=\"field_i7g8e_label\" class=\"frm_primary_label\">Zapier\r\n        <span class=\"frm_required\">*<\/span>\r\n    <\/label>\r\n    <div class=\"frm_range_container\"><input  data-reqmsg=\"Zapier cannot be blank.\" aria-required=\"true\" data-invmsg=\"Slider is invalid\" aria-invalid=\"false\"   min=\"0\" max=\"10\" step=\"1\" type=\"range\" id=\"field_i7g8e\" name=\"item_meta[44]\" value=\"\"data-frmval=\"\" data-frmrange \/><div class=\"frm-text-center\"><span class=\"frm_range_value\">5<\/span><\/div><\/div>\r\n    \r\n    \r\n<\/div>\n<div id=\"frm_field_47_container\" class=\"frm_form_field form-field  frm_required_field frm_top_container\">\r\n    <label for=\"field_3xgu1\" id=\"field_3xgu1_label\" class=\"frm_primary_label\">Du kannst noch mehr?\r\n        <span class=\"frm_required\">*<\/span>\r\n    <\/label>\r\n    <textarea name=\"item_meta[47]\" id=\"field_3xgu1\" rows=\"4\"  placeholder=\"Bitte schreib uns, was Du sonst noch gut kannst! Oder welches Thema Dich gerade besonders interessiert ...\" data-reqmsg=\"Du kannst noch mehr? cannot be blank.\" aria-required=\"true\" data-invmsg=\"Du kannst noch mehr? is invalid\" aria-invalid=\"false\"  ><\/textarea>\r\n    \r\n    \r\n<\/div>\n<div id=\"frm_field_48_container\" class=\"frm_form_field form-field  frm_required_field frm_top_container\">\r\n    <label for=\"field_gjnzd\" id=\"field_gjnzd_label\" class=\"frm_primary_label\">Referenzen\r\n        <span class=\"frm_required\">*<\/span>\r\n    <\/label>\r\n    <textarea name=\"item_meta[48]\" id=\"field_gjnzd\" rows=\"4\"  placeholder=\"Bitte schreib hier ein paar Referenzen rein (inkl. URL) und was Du beim jeweiligen Projekt gemacht hast. Danke :)\" data-reqmsg=\"Referenzen cannot be blank.\" aria-required=\"true\" data-invmsg=\"Referenzen is invalid\" aria-invalid=\"false\"  ><\/textarea>\r\n    \r\n    \r\n<\/div>\n<div id=\"frm_field_298_container\" class=\"frm_form_field form-field  frm_none_container\">\n\t<label for=\"g-recaptcha-response\" id=\"field_lh84k_label\" class=\"frm_primary_label\">Captcha\n\t\t<span class=\"frm_required\" aria-hidden=\"true\"><\/span>\n\t<\/label>\n\t<div  id=\"field_lh84k\" class=\"frm-g-recaptcha\" data-sitekey=\"6LcOb_UdAAAAAI6JZuwEQy5mepFwca4JQHGOQBKw\" data-size=\"invisible\" data-theme=\"light\"><\/div>\n\t\n\t\n<\/div>\n<div id=\"frm_field_292_container\" class=\"frm_form_field form-field \">\n\t<div class=\"frm_submit\">\r\n\r\n<button class=\"frm_button_submit frm_final_submit\" type=\"submit\"   formnovalidate=\"formnovalidate\">Absenden<\/button>\r\n\r\n<\/div>\n<\/div>\n\t<input type=\"hidden\" name=\"item_key\" value=\"\" \/>\n\t\t\t<div id=\"frm_field_310_container\">\n\t\t\t<label for=\"field_dkdky\" >\n\t\t\t\tIf you are human, leave this field blank.\t\t\t<\/label>\n\t\t\t<input  id=\"field_dkdky\" type=\"text\" class=\"frm_form_field form-field frm_verify\" name=\"item_meta[310]\" value=\"\"  \/>\n\t\t<\/div>\n\t\t<input name=\"frm_state\" type=\"hidden\" value=\"KPacTbCNelzhQI5tXJKRUernfDUrgATDJGz3qCOho2p9Fg2We4ikQomCR44a0wj3\" \/><\/div>\n<\/fieldset>\n<\/div>\n\n<\/form>\n<\/div>\n\r\n<p>&nbsp;<\/p>\r\n","protected":false},"excerpt":{"rendered":"<p>Stellenangebot WordPress Programmierer Wir suchen einen WordPress Programmierer auf Freelancer Basis oder nebenberuflich f\u00fcr eine langfristige Zusammenarbeit. Wenn Du das mitbringst: Erfahrung in der Umsetzung von Projekten auf WordPress-Basis\u00a0(Frontend &amp; Backend) Unterschiedliche Systeme via API, Zapier, Weebhook etc. zum sprechen zu bringen Umfassendes Verst\u00e4ndnisse von HTML, CSS und PHP Erfahrungen mit ACF, CPT UI, FacetWP, [&hellip;]<\/p>\n","protected":false},"author":2,"featured_media":0,"parent":2317,"menu_order":1,"comment_status":"closed","ping_status":"closed","template":"","meta":{"_analytify_skip_tracking":false,"footnotes":""},"class_list":["post-2154","page","type-page","status-publish","hentry","wpbf-post"],"_links":{"self":[{"href":"https:\/\/www.brokerwahl.de\/en\/wp-json\/wp\/v2\/pages\/2154","targetHints":{"allow":["GET"]}}],"collection":[{"href":"https:\/\/www.brokerwahl.de\/en\/wp-json\/wp\/v2\/pages"}],"about":[{"href":"https:\/\/www.brokerwahl.de\/en\/wp-json\/wp\/v2\/types\/page"}],"author":[{"embeddable":true,"href":"https:\/\/www.brokerwahl.de\/en\/wp-json\/wp\/v2\/users\/2"}],"replies":[{"embeddable":true,"href":"https:\/\/www.brokerwahl.de\/en\/wp-json\/wp\/v2\/comments?post=2154"}],"version-history":[{"count":20,"href":"https:\/\/www.brokerwahl.de\/en\/wp-json\/wp\/v2\/pages\/2154\/revisions"}],"predecessor-version":[{"id":3173,"href":"https:\/\/www.brokerwahl.de\/en\/wp-json\/wp\/v2\/pages\/2154\/revisions\/3173"}],"up":[{"embeddable":true,"href":"https:\/\/www.brokerwahl.de\/en\/wp-json\/wp\/v2\/pages\/2317"}],"wp:attachment":[{"href":"https:\/\/www.brokerwahl.de\/en\/wp-json\/wp\/v2\/media?parent=2154"}],"curies":[{"name":"wp","href":"https:\/\/api.w.org\/{rel}","templated":true}]}}